{"id":172,"date":"2024-12-23T02:44:07","date_gmt":"2024-12-23T02:44:07","guid":{"rendered":"https:\/\/speedbeedropship.com\/?page_id=172"},"modified":"2025-12-16T06:44:56","modified_gmt":"2025-12-16T06:44:56","slug":"our-team","status":"publish","type":"page","link":"https:\/\/www.speedbeedropship.com\/fr\/our-team\/","title":{"rendered":"Notre \u00e9quipe"},"content":{"rendered":"<div data-elementor-type=\"wp-page\" data-elementor-id=\"172\" class=\"elementor elementor-172\" data-elementor-settings=\"{&quot;element_pack_global_tooltip_width&quot;:{&quot;unit&quot;:&quot;px&quot;,&quot;size&quot;:&quot;&quot;,&quot;sizes&quot;:[]},&quot;element_pack_global_tooltip_width_tablet&quot;:{&quot;unit&quot;:&quot;px&quot;,&quot;size&quot;:&quot;&quot;,&quot;sizes&quot;:[]},&quot;element_pack_global_tooltip_width_mobile&quot;:{&quot;unit&quot;:&quot;px&quot;,&quot;size&quot;:&quot;&quot;,&quot;sizes&quot;:[]},&quot;element_pack_global_tooltip_padding&quot;:{&quot;unit&quot;:&quot;px&quot;,&quot;top&quot;:&quot;&quot;,&quot;right&quot;:&quot;&quot;,&quot;bottom&quot;:&quot;&quot;,&quot;left&quot;:&quot;&quot;,&quot;isLinked&quot;:true},&quot;element_pack_global_tooltip_padding_tablet&quot;:{&quot;unit&quot;:&quot;px&quot;,&quot;top&quot;:&quot;&quot;,&quot;right&quot;:&quot;&quot;,&quot;bottom&quot;:&quot;&quot;,&quot;left&quot;:&quot;&quot;,&quot;isLinked&quot;:true},&quot;element_pack_global_tooltip_padding_mobile&quot;:{&quot;unit&quot;:&quot;px&quot;,&quot;top&quot;:&quot;&quot;,&quot;right&quot;:&quot;&quot;,&quot;bottom&quot;:&quot;&quot;,&quot;left&quot;:&quot;&quot;,&quot;isLinked&quot;:true},&quot;element_pack_global_tooltip_border_radius&quot;:{&quot;unit&quot;:&quot;px&quot;,&quot;top&quot;:&quot;&quot;,&quot;right&quot;:&quot;&quot;,&quot;bottom&quot;:&quot;&quot;,&quot;left&quot;:&quot;&quot;,&quot;isLinked&quot;:true},&quot;element_pack_global_tooltip_border_radius_tablet&quot;:{&quot;unit&quot;:&quot;px&quot;,&quot;top&quot;:&quot;&quot;,&quot;right&quot;:&quot;&quot;,&quot;bottom&quot;:&quot;&quot;,&quot;left&quot;:&quot;&quot;,&quot;isLinked&quot;:true},&quot;element_pack_global_tooltip_border_radius_mobile&quot;:{&quot;unit&quot;:&quot;px&quot;,&quot;top&quot;:&quot;&quot;,&quot;right&quot;:&quot;&quot;,&quot;bottom&quot;:&quot;&quot;,&quot;left&quot;:&quot;&quot;,&quot;isLinked&quot;:true}}\" data-elementor-post-type=\"page\">\n\t\t\t\t<div class=\"elementor-element elementor-element-cae4fbb e-con-full e-flex e-con e-parent\" data-id=\"cae4fbb\" data-element_type=\"container\" data-settings=\"{&quot;background_background&quot;:&quot;classic&quot;,&quot;shape_divider_bottom&quot;:&quot;waves&quot;}\">\n\t\t\t\t<div class=\"elementor-shape elementor-shape-bottom\" data-negative=\"false\">\n\t\t\t<svg xmlns=\"http:\/\/www.w3.org\/2000\/svg\" viewbox=\"0 0 1000 100\" preserveaspectratio=\"none\">\n\t<path class=\"elementor-shape-fill\" d=\"M421.9,6.5c22.6-2.5,51.5,0.4,75.5,5.3c23.6,4.9,70.9,23.5,100.5,35.7c75.8,32.2,133.7,44.5,192.6,49.7\tc23.6,2.1,48.7,3.5,103.4-2.5c54.7-6,106.2-25.6,106.2-25.6V0H0v30.3c0,0,72,32.6,158.4,30.5c39.2-0.7,92.8-6.7,134-22.4\tc21.2-8.1,52.2-18.2,79.7-24.2C399.3,7.9,411.6,7.5,421.9,6.5z\"\/>\n<\/svg>\t\t<\/div>\n\t\t\t\t<div class=\"elementor-element elementor-element-3153736 elementor-widget elementor-widget-heading\" data-id=\"3153736\" data-element_type=\"widget\" data-widget_type=\"heading.default\">\n\t\t\t\t<div class=\"elementor-widget-container\">\n\t\t\t\t\t<h1 class=\"elementor-heading-title elementor-size-default\">Notre \u00e9quipe<\/h1>\t\t\t\t<\/div>\n\t\t\t\t<\/div>\n\t\t\t\t<div class=\"elementor-element elementor-element-15cf39d elementor-widget elementor-widget-text-editor\" data-id=\"15cf39d\" data-element_type=\"widget\" data-widget_type=\"text-editor.default\">\n\t\t\t\t<div class=\"elementor-widget-container\">\n\t\t\t\t\t\t\t\t\t<div data-page-id=\"Wwxtd6N7qoTAI3xSPyNcNYpPnJc\" data-lark-html-role=\"root\" data-docx-has-block-data=\"false\"><div class=\"old-record-id-FYGSdHnlgoLJ30xo912cq5qanKh\"><div data-page-id=\"IZ8ydowv6o2srzxLhieckcEnngh\" data-lark-html-role=\"root\" data-docx-has-block-data=\"false\"><div class=\"old-record-id-T3o1dTsIFoyOboxbhipcN8v1nWf\"><div data-page-id=\"IZ8ydowv6o2srzxLhieckcEnngh\" data-lark-html-role=\"root\" data-docx-has-block-data=\"false\"><div class=\"old-record-id-T3o1dTsIFoyOboxbhipcN8v1nWf\"><div data-page-id=\"RYstdYBXIoe7AdxT7OzcgwYdnob\" data-lark-html-role=\"root\" data-docx-has-block-data=\"false\"><div class=\"old-record-id-Ex2md8OALo14WwxZlDVchamUnpg\"><div data-page-id=\"DSL3dblj1okSvXxds3ZcmJ4TnLg\" data-lark-html-role=\"root\" data-docx-has-block-data=\"false\"><div class=\"old-record-id-B1QDdcCVSogiPHxIBYDczOf0nhu\">Notre \u00e9quipe est l\u00e0 pour vous aider \u00e0 r\u00e9ussir.<\/div><\/div><\/div><\/div><\/div><\/div><\/div><\/div><\/div><\/div>\t\t\t\t\t\t\t\t<\/div>\n\t\t\t\t<\/div>\n\t\t\t\t<div class=\"elementor-element elementor-element-1d93487 elementor-widget elementor-widget-pp-breadcrumbs\" data-id=\"1d93487\" data-element_type=\"widget\" data-settings=\"{&quot;breadcrumbs_type&quot;:&quot;powerpack&quot;}\" data-widget_type=\"pp-breadcrumbs.default\">\n\t\t\t\t<div class=\"elementor-widget-container\">\n\t\t\t\t\t<ul class=\"pp-breadcrumbs pp-breadcrumbs-powerpack\">\t\t<li class=\"pp-breadcrumbs-item pp-breadcrumbs-item-home\">\n\t\t\t<a class=\"pp-breadcrumbs-crumb pp-breadcrumbs-crumb-link pp-breadcrumbs-crumb-home\" href=\"https:\/\/www.speedbeedropship.com\/fr\" title=\"Accueil\">\n\t\t\t\t<span class=\"pp-breadcrumbs-text\">\n\t\t\t\t\t\t\t\t\t\tAccueil\t\t\t\t<\/span>\n\t\t\t<\/a>\n\t\t<\/li>\n\t\t<li class=\"pp-breadcrumbs-separator\">\t\t\t\t<span class='pp-separator-icon pp-icon'>\n\t\t\t\t\t<i aria-hidden=\"true\" class=\"fas fa-angle-right\"><\/i>\t\t\t\t<\/span>\n\t\t\t\t<\/li><\/ul>\t\t\t\t<\/div>\n\t\t\t\t<\/div>\n\t\t\t\t<\/div>\n\t\t<div class=\"elementor-element elementor-element-ffe0174 e-flex e-con-boxed e-con e-parent\" data-id=\"ffe0174\" data-element_type=\"container\">\n\t\t\t\t\t<div class=\"e-con-inner\">\n\t\t<div class=\"elementor-element elementor-element-3fbfd1b e-con-full e-flex e-con e-child\" data-id=\"3fbfd1b\" data-element_type=\"container\" data-settings=\"{&quot;background_background&quot;:&quot;classic&quot;}\">\n\t\t\t\t<\/div>\n\t\t<div class=\"elementor-element elementor-element-4d93035 e-con-full e-flex e-con e-child\" data-id=\"4d93035\" data-element_type=\"container\">\n\t\t<div class=\"elementor-element elementor-element-46613fe e-con-full e-flex e-con e-child\" data-id=\"46613fe\" data-element_type=\"container\">\n\t\t\t\t<div class=\"elementor-element elementor-element-fdf8a5e elementor-view-default elementor-widget elementor-widget-icon\" data-id=\"fdf8a5e\" data-element_type=\"widget\" data-widget_type=\"icon.default\">\n\t\t\t\t<div class=\"elementor-widget-container\">\n\t\t\t\t\t\t\t<div class=\"elementor-icon-wrapper\">\n\t\t\t<div class=\"elementor-icon\">\n\t\t\t<svg xmlns=\"http:\/\/www.w3.org\/2000\/svg\" id=\"_&#x56FE;&#x5C42;_1\" viewbox=\"0 0 466 334\"><path d=\"M140.52941,9.14497h54.15867c8.28831,0,13.10952,9.36839,8.2921,16.11292l-54.77065,76.68054c-4.81742,6.74453.00378,16.11292,8.2921,16.11292h47.79742c5.62785,0,10.19012,4.56227,10.19012,10.19012v181.86925c0,5.62785-4.56227,10.19012-10.19012,10.19012H22.42976c-5.62785,0-10.19012-4.56227-10.19012-10.19012V122.67521c0-2.9384,1.26843-5.73377,3.47977-7.66875L133.81906,11.66634c1.85759-1.62543,4.24201-2.52137,6.71035-2.52137Z\" style=\"fill:#ffd200; stroke-width:0px;\"><\/path><path d=\"M442.57803,25.25785l-54.77018,76.68061c-4.81737,6.74453.00383,16.11288,8.29212,16.11288h47.79679c5.62785,0,10.19012,4.56227,10.19012,10.19012v181.86925c0,5.62785-4.56227,10.19012-10.19012,10.19012h-181.86926c-5.62785,0-10.19012-4.56227-10.19012-10.19012V122.67523c0-2.93841,1.26844-5.73379,3.47979-7.66877L373.41753,11.66632c1.85758-1.62542,4.242-2.52135,6.71032-2.52135h54.15806c8.28829,0,13.1095,9.36835,8.29212,16.11288Z\" style=\"fill:#ffd200; stroke-width:0px;\"><\/path><\/svg>\t\t\t<\/div>\n\t\t<\/div>\n\t\t\t\t\t\t<\/div>\n\t\t\t\t<\/div>\n\t\t\t\t<\/div>\n\t\t<div class=\"elementor-element elementor-element-1ec9494 e-con-full e-flex e-con e-child\" data-id=\"1ec9494\" data-element_type=\"container\">\n\t\t\t\t<div class=\"elementor-element elementor-element-d2c4e86 elementor-widget elementor-widget-heading\" data-id=\"d2c4e86\" data-element_type=\"widget\" data-widget_type=\"heading.default\">\n\t\t\t\t<div class=\"elementor-widget-container\">\n\t\t\t\t\t<h2 class=\"elementor-heading-title elementor-size-default\">Nous sommes une famille<\/h2>\t\t\t\t<\/div>\n\t\t\t\t<\/div>\n\t\t\t\t<\/div>\n\t\t\t\t<div class=\"elementor-element elementor-element-1a68e13 elementor-widget elementor-widget-text-editor\" data-id=\"1a68e13\" data-element_type=\"widget\" data-widget_type=\"text-editor.default\">\n\t\t\t\t<div class=\"elementor-widget-container\">\n\t\t\t\t\t\t\t\t\t<div data-page-id=\"RYstdYBXIoe7AdxT7OzcgwYdnob\" data-lark-html-role=\"root\" data-docx-has-block-data=\"false\"><div class=\"ace-line ace-line old-record-id-Tl9hds1dKo1qORxOtSWcFLztnmb\"><div data-page-id=\"DSL3dblj1okSvXxds3ZcmJ4TnLg\" data-lark-html-role=\"root\" data-docx-has-block-data=\"false\"><div class=\"ace-line ace-line old-record-id-R2LkdXgFYosAxfxcvPKcKCeNnrg\"><strong>Plus qu'une \u00e9quipe, nous sommes une famille.<\/strong> Chez SpeedBee, chaque individu est valoris\u00e9 et la collaboration est la cl\u00e9 de notre succ\u00e8s. Ensemble, nous obtenons de meilleurs r\u00e9sultats et cr\u00e9ons un impact positif pour nos clients. Notre \u00e9quipe travaille en \u00e9troite collaboration avec chaque client pour comprendre leurs besoins uniques, en fournissant des solutions sur mesure qui garantissent des op\u00e9rations fluides et efficaces.<\/div><\/div><\/div><\/div>\t\t\t\t\t\t\t\t<\/div>\n\t\t\t\t<\/div>\n\t\t\t\t<\/div>\n\t\t\t\t\t<\/div>\n\t\t\t\t<\/div>\n\t\t<div class=\"elementor-element elementor-element-3c58ddf e-flex e-con-boxed e-con e-parent\" data-id=\"3c58ddf\" data-element_type=\"container\">\n\t\t\t\t\t<div class=\"e-con-inner\">\n\t\t<div class=\"elementor-element elementor-element-a68ff40 e-con-full e-flex e-con e-child\" data-id=\"a68ff40\" data-element_type=\"container\" data-settings=\"{&quot;background_background&quot;:&quot;classic&quot;}\">\n\t\t\t\t<div class=\"elementor-element elementor-element-92b6f21 elementor-widget elementor-widget-ucaddon_card_carousel\" data-id=\"92b6f21\" data-element_type=\"widget\" data-widget_type=\"ucaddon_card_carousel.default\">\n\t\t\t\t<div class=\"elementor-widget-container\">\n\t\t\t\t\t\n<!-- start Card Carousel -->\n\t\t<link id='font-awesome-css' href='https:\/\/www.speedbeedropship.com\/wp-content\/plugins\/unlimited-elements-for-elementor-premium\/assets_libraries\/font-awesome6\/fontawesome-all.min.css' type='text\/css' rel='stylesheet' >\n\t\t<link id='font-awesome-4-shim-css' href='https:\/\/www.speedbeedropship.com\/wp-content\/plugins\/unlimited-elements-for-elementor-premium\/assets_libraries\/font-awesome6\/fontawesome-v4-shims.min.css' type='text\/css' rel='stylesheet' >\n\t\t<link id='owl-carousel-css' href='https:\/\/www.speedbeedropship.com\/wp-content\/plugins\/unlimited-elements-for-elementor-premium\/assets_libraries\/owl-carousel-new\/assets\/owl.carousel.css' type='text\/css' rel='stylesheet' >\n\t\t<link id='uc_ac_assets_file_animate_css_77907-css' href='https:\/\/www.speedbeedropship.com\/wp-content\/uploads\/ac_assets\/uc_classic_carousel\/animate.css' type='text\/css' rel='stylesheet' >\n\n<style>\/* widget: Card Carousel *\/\n\n#uc_card_carousel_elementor_92b6f21-wrapper{\n  min-height:1px;\n}\n\n#uc_card_carousel_elementor_92b6f21 *{\n\t-webkit-box-sizing: border-box;\n\t-moz-box-sizing: border-box;\n\tbox-sizing: border-box;\n}\n\n#uc_card_carousel_elementor_92b6f21 .ue-carousel-item{\n  overflow:hidden;\n  transition:0.3s;\n}\n\n#uc_card_carousel_elementor_92b6f21 .uc_classic_carousel_container_holder{\n\tdisplay:block;\n\tposition:relative;\n\twidth:100%;\n    box-sizing: border-box;\n}\n#uc_card_carousel_elementor_92b6f21 .uc_classic_carousel_placeholder{\n   position:relative;\n}\n\n\n#uc_card_carousel_elementor_92b6f21 .uc_classic_carousel_placeholder img, #uc_card_carousel_elementor_92b6f21 .ue_card_carousel_image_overlay{\n  transition: all 300ms;\n}\n\n.card_carousel_title{\n\tfont-size:21px;\n}\n\n.uc_classic_carousel .uc_classic_carousel_border{\n\tdisplay:block;\n    margin:0 auto;\n}\n\n.uc_classic_carousel  .uc_classic_carousel_placeholder img{\n\twidth:100%;    \n    display:block;\n}\n\n.uc_classic_carousel .uc_classic_carousel_content{\n  display: flex;\n  flex-flow: column nowrap;\n}\n\n.uc_classic_carousel .ue_button{\n  margin-top:auto;\n}\n\n.uc_classic_carousel .uc_classic_carousel_content .uc_more_btn {\n\tdisplay:inline-block;\n\ttext-decoration:none;\n\ttransition: all 0.5s ease;\n}\n\n#uc_card_carousel_elementor_92b6f21 .owl-dots {\n  overflow:hidden;\n  text-align:center;\n}\n\n#uc_card_carousel_elementor_92b6f21 .owl-dot {\n  border-radius:50%;\n  display:inline-block;\n}\n\n#uc_card_carousel_elementor_92b6f21 .owl-nav .owl-prev,\n#uc_card_carousel_elementor_92b6f21 .owl-nav .owl-next{\n    position:absolute;\n    display:flex;\n  \tjustify-content: center;\n  \talign-items: center;\n    text-align:center;\n}\n\n#uc_card_carousel_elementor_92b6f21 .owl-nav .disabled{\n    display: none;  \n}\n\n\n#uc_card_carousel_elementor_92b6f21 .ue-item-icon{\n  line-height:1em;\n  display:inline-flex;\n  justify-content:center;\n  align-items:center;  \n}\n\n#uc_card_carousel_elementor_92b6f21 .ue-item-icon svg{\n  height:1em;\n  width:1em;\n}\n\n#uc_card_carousel_elementor_92b6f21 .ue-item-icon-wrapper{\n  display:flex;\n}\n\n#uc_card_carousel_elementor_92b6f21 .uc_classic_carousel_container_holder {\n\t max-width: ;\n}\n\n\n\n@media screen and (max-width: 1024px) {\n  #uc_card_carousel_elementor_92b6f21 .uc_classic_carousel_container_holder {\n\t max-width: ;\n  }\n}\n\n@media screen and (max-width: 767px) {\n  #uc_card_carousel_elementor_92b6f21 .uc_classic_carousel_container_holder {\n    max-width: ;\n  }\n}\n\n<\/style>\n\n<div class=\"uc_classic_carousel\" id=\"uc_card_carousel_elementor_92b6f21-wrapper\">\n        <div class=\"uc_carousel owl-carousel uc-items-wrapper\" id=\"uc_card_carousel_elementor_92b6f21\"  >\n          \t\n\n\n<div id=\"uc_card_carousel_elementor_92b6f21_item1\" class=\"uc_classic_carousel_container_holder ue-item elementor-repeater-item-7c3b7a3\" data-hide-item=\"false\">  \n  <div class=\"ue-carousel-item\">\n    \n        \n    \n          <div class=\"uc_classic_carousel_placeholder\">\n        <a href=\"#\" title=\"Afficher plus\" >          <img fetchpriority=\"high\" decoding=\"async\" src=\"https:\/\/www.speedbeedropship.com\/wp-content\/uploads\/2025\/04\/C05-768x576.webp\"  alt=\"\u00e9quipe de marketing\" width=\"768\" height=\"576\">\n        <\/a>              <\/div>\n    \n    <div class=\"uc_classic_carousel_content\" style=\"direction:ltr;\">    \n\n      \n          <div  class=\"card_carousel_title\">\u00c9quipe de marketing<\/div>\n              \t\n\n      \t\n      \n    <\/div>\n    \n  <\/div>\n<\/div>\n\n\n\n<div id=\"uc_card_carousel_elementor_92b6f21_item2\" class=\"uc_classic_carousel_container_holder ue-item elementor-repeater-item-ee383d0\" data-hide-item=\"false\">  \n  <div class=\"ue-carousel-item\">\n    \n        \n    \n          <div class=\"uc_classic_carousel_placeholder\">\n        <a href=\"#\" title=\"Afficher plus\" >          <img decoding=\"async\" src=\"https:\/\/www.speedbeedropship.com\/wp-content\/uploads\/2025\/04\/C04-768x576.webp\"  alt=\"\u00e9quipe de vente\" width=\"768\" height=\"576\">\n        <\/a>              <\/div>\n    \n    <div class=\"uc_classic_carousel_content\" style=\"direction:ltr;\">    \n\n      \n          <div  class=\"card_carousel_title\">\u00c9quipe de vente<\/div>\n              \t\n\n      \t\n      \n    <\/div>\n    \n  <\/div>\n<\/div>\n\n\n\n<div id=\"uc_card_carousel_elementor_92b6f21_item3\" class=\"uc_classic_carousel_container_holder ue-item elementor-repeater-item-1de578d\" data-hide-item=\"false\">  \n  <div class=\"ue-carousel-item\">\n    \n        \n    \n          <div class=\"uc_classic_carousel_placeholder\">\n        <a href=\"#\" title=\"Afficher plus\" >          <img decoding=\"async\" src=\"https:\/\/www.speedbeedropship.com\/wp-content\/uploads\/2025\/04\/F22-768x576.webp\"  alt=\"\u00c9quipe charg\u00e9e des op\u00e9rations et de la logistique\" width=\"768\" height=\"576\">\n        <\/a>              <\/div>\n    \n    <div class=\"uc_classic_carousel_content\" style=\"direction:ltr;\">    \n\n      \n          <div  class=\"card_carousel_title\">\u00c9quipe charg\u00e9e des op\u00e9rations et de la logistique<\/div>\n              \t\n\n      \t\n      \n    <\/div>\n    \n  <\/div>\n<\/div>\n\n      <\/div>\n<\/div>\n<!-- end Card Carousel -->\t\t\t\t<\/div>\n\t\t\t\t<\/div>\n\t\t\t\t<\/div>\n\t\t<div class=\"elementor-element elementor-element-6526d6a e-con-full e-flex e-con e-child\" data-id=\"6526d6a\" data-element_type=\"container\">\n\t\t<div class=\"elementor-element elementor-element-49cbc17 e-con-full e-flex e-con e-child\" data-id=\"49cbc17\" data-element_type=\"container\">\n\t\t\t\t<div class=\"elementor-element elementor-element-e02a439 e-transform elementor-view-default elementor-widget elementor-widget-icon\" data-id=\"e02a439\" data-element_type=\"widget\" data-settings=\"{&quot;_transform_rotateZ_effect&quot;:{&quot;unit&quot;:&quot;px&quot;,&quot;size&quot;:180,&quot;sizes&quot;:[]},&quot;_transform_rotateZ_effect_tablet&quot;:{&quot;unit&quot;:&quot;deg&quot;,&quot;size&quot;:&quot;&quot;,&quot;sizes&quot;:[]},&quot;_transform_rotateZ_effect_mobile&quot;:{&quot;unit&quot;:&quot;deg&quot;,&quot;size&quot;:&quot;&quot;,&quot;sizes&quot;:[]}}\" data-widget_type=\"icon.default\">\n\t\t\t\t<div class=\"elementor-widget-container\">\n\t\t\t\t\t\t\t<div class=\"elementor-icon-wrapper\">\n\t\t\t<div class=\"elementor-icon\">\n\t\t\t<svg xmlns=\"http:\/\/www.w3.org\/2000\/svg\" id=\"_&#x56FE;&#x5C42;_1\" viewbox=\"0 0 466 334\"><path d=\"M140.52941,9.14497h54.15867c8.28831,0,13.10952,9.36839,8.2921,16.11292l-54.77065,76.68054c-4.81742,6.74453.00378,16.11292,8.2921,16.11292h47.79742c5.62785,0,10.19012,4.56227,10.19012,10.19012v181.86925c0,5.62785-4.56227,10.19012-10.19012,10.19012H22.42976c-5.62785,0-10.19012-4.56227-10.19012-10.19012V122.67521c0-2.9384,1.26843-5.73377,3.47977-7.66875L133.81906,11.66634c1.85759-1.62543,4.24201-2.52137,6.71035-2.52137Z\" style=\"fill:#ffd200; stroke-width:0px;\"><\/path><path d=\"M442.57803,25.25785l-54.77018,76.68061c-4.81737,6.74453.00383,16.11288,8.29212,16.11288h47.79679c5.62785,0,10.19012,4.56227,10.19012,10.19012v181.86925c0,5.62785-4.56227,10.19012-10.19012,10.19012h-181.86926c-5.62785,0-10.19012-4.56227-10.19012-10.19012V122.67523c0-2.93841,1.26844-5.73379,3.47979-7.66877L373.41753,11.66632c1.85758-1.62542,4.242-2.52135,6.71032-2.52135h54.15806c8.28829,0,13.1095,9.36835,8.29212,16.11288Z\" style=\"fill:#ffd200; stroke-width:0px;\"><\/path><\/svg>\t\t\t<\/div>\n\t\t<\/div>\n\t\t\t\t\t\t<\/div>\n\t\t\t\t<\/div>\n\t\t\t\t<\/div>\n\t\t<div class=\"elementor-element elementor-element-23fe091 e-con-full e-flex e-con e-child\" data-id=\"23fe091\" data-element_type=\"container\">\n\t\t\t\t<div class=\"elementor-element elementor-element-83526c8 elementor-widget elementor-widget-heading\" data-id=\"83526c8\" data-element_type=\"widget\" data-widget_type=\"heading.default\">\n\t\t\t\t<div class=\"elementor-widget-container\">\n\t\t\t\t\t<h2 class=\"elementor-heading-title elementor-size-default\">Rencontrez l'\u00e9quipe \u00e0 l'origine de votre succ\u00e8s<\/h2>\t\t\t\t<\/div>\n\t\t\t\t<\/div>\n\t\t\t\t<\/div>\n\t\t\t\t<\/div>\n\t\t\t\t\t<\/div>\n\t\t\t\t<\/div>\n\t\t\t\t<\/div>","protected":false},"excerpt":{"rendered":"<p>Our Team Our team is here to help you succeed. Home We Are A Family We\u2019re more than a team \u2013 we\u2019re a family. At SpeedBee, every individual is valued, and collaboration is key to our success. Together, we achieve more and create a positive impact for our clients. Our team works closely with each [&hellip;]<\/p>\n","protected":false},"author":4,"featured_media":0,"parent":0,"menu_order":0,"comment_status":"closed","ping_status":"closed","template":"elementor_header_footer","meta":{"_acf_changed":false,"_seopress_robots_primary_cat":"","_seopress_titles_title":"Our Team | SpeedBee","_seopress_titles_desc":"Get to know the SpeedBee team, your partners in dropshipping. Learn how we work together to support your ecommerce goals with personalized solutions.","_seopress_robots_index":"","footnotes":""},"class_list":["post-172","page","type-page","status-publish","hentry"],"acf":[],"_links":{"self":[{"href":"https:\/\/www.speedbeedropship.com\/fr\/wp-json\/wp\/v2\/pages\/172","targetHints":{"allow":["GET"]}}],"collection":[{"href":"https:\/\/www.speedbeedropship.com\/fr\/wp-json\/wp\/v2\/pages"}],"about":[{"href":"https:\/\/www.speedbeedropship.com\/fr\/wp-json\/wp\/v2\/types\/page"}],"author":[{"embeddable":true,"href":"https:\/\/www.speedbeedropship.com\/fr\/wp-json\/wp\/v2\/users\/4"}],"replies":[{"embeddable":true,"href":"https:\/\/www.speedbeedropship.com\/fr\/wp-json\/wp\/v2\/comments?post=172"}],"version-history":[{"count":0,"href":"https:\/\/www.speedbeedropship.com\/fr\/wp-json\/wp\/v2\/pages\/172\/revisions"}],"wp:attachment":[{"href":"https:\/\/www.speedbeedropship.com\/fr\/wp-json\/wp\/v2\/media?parent=172"}],"curies":[{"name":"wp","href":"https:\/\/api.w.org\/{rel}","templated":true}]}}